{"id":1217,"date":"2018-07-10T07:52:37","date_gmt":"2018-07-10T07:52:37","guid":{"rendered":"http:\/\/www.ladiesrunticino.ch\/?page_id=1217"},"modified":"2025-10-24T07:36:45","modified_gmt":"2025-10-24T07:36:45","slug":"faq-le-risposte-alle-domande-piu-frequenti","status":"publish","type":"page","link":"https:\/\/www.ladiesrunticino.ch\/?page_id=1217","title":{"rendered":"FAQ: le risposte alle domande pi\u00f9 frequenti!"},"content":{"rendered":"\n<h4 class=\"wp-block-heading\">&nbsp;<\/h4>\n\n\n\n<h4 class=\"wp-block-heading\"><strong>ISCRIZIONI<\/strong><\/h4>\n\n\n\n<p><strong>Come posso iscrivermi all\u2019evento?<\/strong><\/p>\n\n\n\n<ul>\n<li><strong><a rel=\"noopener noreferrer\" href=\"https:\/\/www.ladiesrunticino.ch\/?page_id=69\" target=\"_blank\">cliccare qui<\/a><\/strong><\/li>\n<\/ul>\n\n\n\n<p><br><strong>Posso iscrivermi sul posto all\u2019evento?<br><\/strong>S\u00ec, \u00e8 possibile iscriversi sul posto (Piazza Manzoni) sabato 9 maggio (dalle ore 15.00). Per le iscrizioni sul posto \u00e8 previsto un supplemento di CHF 7.-.<\/p>\n\n\n\n<p><\/p>\n\n\n\n<p><br><strong>Quali sono i termini d\u2019iscrizione? <\/strong><\/p>\n\n\n\n<ul>\n<li><strong><a href=\"https:\/\/www.ladiesrunticino.ch\/?page_id=71\">cliccare qui<\/a><\/strong><\/li>\n<\/ul>\n\n\n\n<p><br><strong>Vi sono sconti o tariffe speciali?<br><\/strong>Per maggiori su offerte e tariffe speciail <strong><a rel=\"noopener noreferrer\" href=\"https:\/\/www.ladiesrunticino.ch\/?page_id=93\" target=\"_blank\">cliccare qui<\/a><\/strong><\/p>\n\n\n\n<hr class=\"wp-block-separator has-css-opacity\"\/>\n\n\n\n<h4 class=\"wp-block-heading\"><strong>PETTORALI, LISTE DI PARTENZA E CLASSIFICHE<\/strong><\/h4>\n\n\n\n<p><strong>Dove si possono visualizzare le liste di partenza e le classifiche?<br><\/strong>Si possono visualizzare su <strong><a href=\"http:\/\/performancetiming.ch\">www.performancetiming.ch<\/a><\/strong><\/p>\n\n\n\n<p><strong><br>Mi sono iscritta all\u2019evento ma il mio nome non figura nelle liste di partenza. Cosa devo fare?<br><\/strong>Scrivete una email a <a href=\"https:\/\/performancetiming.ch\/it\/contact\">info@performancetiming.ch<\/a><\/p>\n\n\n\n<p><strong><br>I pettorali vengono inviati a casa?<br><\/strong>No, tutti i pettorali sono da ritirare sul posto (Piazza Manzoni, Lugano):<\/p>\n\n\n\n<ul>\n<li>sabato 9 maggio 2026 dalle 15.00<\/li>\n<\/ul>\n\n\n\n<p><br><strong>Come posso beneficiare della carta giornaliera Arcobaleno inclusa nell\u2019iscrizione?<\/strong><br>Ogni partecipante ricever\u00e0 via email un codice valido quale titolo di trasporto per i mezzi pubblici da mostrare al controllore.<\/p>\n\n\n\n<hr class=\"wp-block-separator has-css-opacity\"\/>\n\n\n\n<h4 class=\"wp-block-heading\"><strong>PACCO GARA E PREMI<\/strong><\/h4>\n\n\n\n<p><strong>Dove posso ritirare il pacco gara?<br><\/strong>Il pacco gara (t-shirt) e i pettorali sono da ritirare sul posto (Piazza Manzoni, Lugano):<\/p>\n\n\n\n<ul>\n<li>sabato 9 maggio 2026 dalle 15.00<\/li>\n<\/ul>\n\n\n\n<p><strong><br>Posso riservare la taglia della t-shirt?<br><\/strong>No, per motivi organizzativi non \u00e8 possibile riservare la taglia della propria t-shirt. Tutte le t-shirt sono da ritirare in Piazza Manzoni di Lugano (orari indicati sopra). Una ristampa verr\u00e0 effettuata solo nel caso in cui tutte le t-shirt andranno esaurite.<\/p>\n\n\n\n<p><strong><br>Cosa include la quota d&#8217;iscrizione?<br><\/strong>Tutti i dettagli sul pacco gara sono disponibili al seguente <strong><a href=\"https:\/\/www.ladiesrunticino.ch\/?page_id=73\" target=\"_blank\" rel=\"noopener noreferrer\">link<\/a><\/strong><\/p>\n\n\n\n<p><strong><br>Il pranzo \u00e8 incluso nella quota d\u2019iscrizione?<br><\/strong>No, ma in Piazza Manzoni saranno presenti stand e food truck dove acquistare cibo e bevande.<\/p>\n\n\n\n<p><strong><br>Sono previsti premi in denaro per le prime classificate?<br><\/strong>No, le prime classificate di ogni categoria riceveranno un premio (non in denaro).&nbsp;&nbsp;<\/p>\n\n\n\n<hr class=\"wp-block-separator has-css-opacity\"\/>\n\n\n\n<h4 class=\"wp-block-heading\"><strong>ASSICURAZIONI E MANCATA PARTECIPAZIONE<\/strong><\/h4>\n\n\n\n<p><strong>\u00c8 possibile stipulare un\u2019assicurazione annullamento?<br><\/strong>No, in caso di mancata partecipazione la quota d\u2019iscrizione non viene rimborsata.<\/p>\n\n\n\n<p><strong><br>Ho avuto un contrattempo (infortunio, malattia, imprevisto): \u00e8 possibile rimborsarmi la quota d\u2019iscrizione?<br><\/strong>No, in caso di mancata partecipazione la quota d\u2019iscrizione non viene rimborsata.  <\/p>\n\n\n\n<hr class=\"wp-block-separator has-css-opacity\"\/>\n\n\n\n<h4 class=\"wp-block-heading\"><strong>MODIFICHE PERCORSO<\/strong><\/h4>\n\n\n\n<p><strong>\u00c8 possibile cambiare percorso?<br><\/strong>S\u00ec, sul posto presso il tavolo \u201ccambiamenti\u201d situato in Piazza Manzoni di Lugano.<\/p>\n\n\n\n<p>Il cambiamento di percorso sul posto \u00e8 soggetto ad un supplemento di CHF 5 (pi\u00f9 eventuale differenza di prezzo nel caso in cui si passa a una categoria di percorso superiore).<\/p>\n\n\n\n<hr class=\"wp-block-separator has-css-opacity\"\/>\n\n\n\n<h4 class=\"wp-block-heading\"><strong>PERCORSI ED EVENTO<\/strong><\/h4>\n\n\n\n<p><strong>Vi \u00e8 un tempo massimo di percorrenza?<br><\/strong>Per la 10 km e 2.5 km non vi \u00e8 alcun tempo massimo, mentre la 5 km \u00e8 da percorrere nel tempo massimo di un\u2019ora.<\/p>\n\n\n\n<p><strong><br>\u00c8 possibile camminare lungo il percorso?<br><\/strong>La Ladies Run \u00e8 una corsa rivolta a tutte le donne indipendentemente dal livello di allenamento (per i tempi massimi di percorrenza vedere il punto la domanda sopra).<\/p>\n\n\n\n<p>Sul percorso Sunset Walking (camminata serale non competitiva) \u00e8 vietato correre.<\/p>\n\n\n\n<p><strong><br>L\u2019evento si svolge con qualsiasi tempo?<br><\/strong>S\u00ec.<\/p>\n\n\n\n<hr class=\"wp-block-separator has-css-opacity\"\/>\n\n\n\n<h4 class=\"wp-block-heading\"><strong>TRASPORTI<\/strong><\/h4>\n\n\n\n<p><strong>I trasporti pubblici sono inclusi nella quota d\u2019iscrizione?<br><\/strong>S\u00ec, l&#8217;iscrizione include una carta giornaliera Arcobaleno (2a classe, tutte le zone Ticino e Moesano e valida il giorno dell&#8217;evento &#8211; codice inviato via email).<\/p>\n\n\n\n<hr class=\"wp-block-separator has-css-opacity\"\/>\n\n\n\n<h4 class=\"wp-block-heading\"><strong>SERVIZI VILLAGGIO<\/strong><\/h4>\n\n\n\n<p><strong>Come posso accedere ai servizi gratuiti proposti nel villaggio?<br><\/strong>Mostrando il vostro pettorale, potrete beneficiare di prestazioni gratuite (massaggi, area fitness, consulenze, ecc.) presso il villaggio dell\u2019evento in Piazza Manzoni di Lugano.<\/p>\n\n\n\n<hr class=\"wp-block-separator has-css-opacity\"\/>\n\n\n\n<h4 class=\"wp-block-heading\"><strong>SPOGLIATOI E DEPOSITO BORSE<\/strong><\/h4>\n\n\n\n<p><strong>\u00c8 previsto un deposito borse e valori?<br><\/strong>Nel villaggio dell\u2019evento (in Piazza Manzoni, Lugano) \u00e8 previsto un deposito borse non custodito.<\/p>\n\n\n\n<p><strong><br>Sono previsti spogliatoi con doccia?<\/strong><\/p>\n\n\n\n<p>S\u00ec, presso le Scuole elementari del Bertaccio, Via Regazzoni 12, Lugano.<\/p>\n","protected":false},"excerpt":{"rendered":"<p><a class=\"read-more\" href=\"https:\/\/www.ladiesrunticino.ch\/?page_id=1217\">+ Info<\/a><\/p>\n","protected":false},"author":2,"featured_media":0,"parent":0,"menu_order":0,"comment_status":"closed","ping_status":"closed","template":"","meta":{"footnotes":""},"_links":{"self":[{"href":"https:\/\/www.ladiesrunticino.ch\/index.php?rest_route=\/wp\/v2\/pages\/1217"}],"collection":[{"href":"https:\/\/www.ladiesrunticino.ch\/index.php?rest_route=\/wp\/v2\/pages"}],"about":[{"href":"https:\/\/www.ladiesrunticino.ch\/index.php?rest_route=\/wp\/v2\/types\/page"}],"author":[{"embeddable":true,"href":"https:\/\/www.ladiesrunticino.ch\/index.php?rest_route=\/wp\/v2\/users\/2"}],"replies":[{"embeddable":true,"href":"https:\/\/www.ladiesrunticino.ch\/index.php?rest_route=%2Fwp%2Fv2%2Fcomments&post=1217"}],"version-history":[{"count":41,"href":"https:\/\/www.ladiesrunticino.ch\/index.php?rest_route=\/wp\/v2\/pages\/1217\/revisions"}],"predecessor-version":[{"id":4290,"href":"https:\/\/www.ladiesrunticino.ch\/index.php?rest_route=\/wp\/v2\/pages\/1217\/revisions\/4290"}],"wp:attachment":[{"href":"https:\/\/www.ladiesrunticino.ch\/index.php?rest_route=%2Fwp%2Fv2%2Fmedia&parent=1217"}],"curies":[{"name":"wp","href":"https:\/\/api.w.org\/{rel}","templated":true}]}}