{"id":3070,"date":"2023-01-24T10:08:46","date_gmt":"2023-01-24T10:08:46","guid":{"rendered":"https:\/\/www.ladiesrunticino.ch\/?page_id=3070"},"modified":"2026-01-29T12:07:14","modified_gmt":"2026-01-29T12:07:14","slug":"sprint-2-5-km","status":"publish","type":"page","link":"https:\/\/www.ladiesrunticino.ch\/?page_id=3070&lang=de","title":{"rendered":"Sprint &#8211; 2.5 km"},"content":{"rendered":"\n<h4 class=\"wp-block-heading\"><strong>ALLGEMEINE MERKMALE<\/strong><\/h4>\n\n\n\n<p>Eine Strecke f\u00fcr alle, die sich dem Laufsport n\u00e4hern oder die ihre Geschwindikeit testen m\u00f6chten.<\/p>\n\n\n\n<p><br><strong>L\u00e4nge<\/strong><\/p>\n\n\n\n<ul>\n<li>2.5 km<\/li>\n<\/ul>\n\n\n\n<p><br><strong>Start<\/strong><\/p>\n\n\n\n<ul>\n<li>Am Ufer des Luganersees<\/li>\n\n\n\n<li>Um 18.30 Uhr<\/li>\n<\/ul>\n\n\n\n<p><br><strong>Maximale Laufzeit<\/strong><\/p>\n\n\n\n<ul>\n<li>Es ist keine maximale Laufzeit vorgesehen.<\/li>\n<\/ul>\n\n\n\n<p><br><strong>Kategorien<\/strong><\/p>\n\n\n\n<ul>\n<li>U12: 2015 und j\u00fcnger<\/li>\n\n\n\n<li>U20: 2007 und j\u00fcnger<\/li>\n\n\n\n<li>W: 2006 \u2013 1987<\/li>\n\n\n\n<li>W40: 1986 \u2013 1977<\/li>\n\n\n\n<li>W50: 1976 und \u00e4lter<\/li>\n<\/ul>\n\n\n\n<hr class=\"wp-block-separator has-css-opacity\"\/>\n\n\n\n<h4 class=\"wp-block-heading\"><strong>STARTGELD<\/strong><\/h4>\n\n\n\n<ul>\n<li><a href=\"https:\/\/www.ladiesrunticino.ch\/?page_id=447&amp;lang=de\"><strong>mehr dazu<\/strong><\/a><\/li>\n<\/ul>\n\n\n\n<p><strong>Zuschl\u00e4ge<\/strong><\/p>\n\n\n\n<ul>\n<li><a href=\"https:\/\/www.ladiesrunticino.ch\/?page_id=447&amp;lang=de\"><strong>mehr dazu<\/strong><\/a><\/li>\n<\/ul>\n\n\n\n<p><strong>Anmeldefristen<\/strong><\/p>\n\n\n\n<ul>\n<li><a href=\"https:\/\/www.ladiesrunticino.ch\/?page_id=447&amp;lang=de\"><strong>mehr dazu<\/strong><\/a><\/li>\n<\/ul>\n\n\n\n<hr class=\"wp-block-separator has-css-opacity\"\/>\n\n\n\n<h4 class=\"wp-block-heading\"> <strong>PR\u00c4MIERUNGEN<\/strong><\/h4>\n\n\n\n<ul>\n<li>Kategorie U12: Preis an die drei Erstklassifizierten <\/li>\n\n\n\n<li>Andere Kategorien: Preis an die Erstklassifizierten jeder Kategorie<\/li>\n<\/ul>\n\n\n\n<hr class=\"wp-block-separator has-css-opacity\"\/>\n\n\n\n<h4 class=\"wp-block-heading\"><strong>WIE ANMELDEN?<\/strong><\/h4>\n\n\n\n<ul>\n<li><a href=\"https:\/\/www.ladiesrunticino.ch\/?page_id=450&amp;lang=de\"><strong>mehr dazu<\/strong><\/a><\/li>\n<\/ul>\n\n\n\n<hr class=\"wp-block-separator has-css-opacity\"\/>\n\n\n\n<h4 class=\"wp-block-heading\"><strong>WETTKAMPFPAKET<\/strong><\/h4>\n\n\n\n<ul>\n<li><strong><a href=\"https:\/\/www.ladiesrunticino.ch\/?page_id=466&amp;lang=de\">mehr dazu<\/a><\/strong><\/li>\n<\/ul>\n\n\n\n<hr class=\"wp-block-separator has-css-opacity\"\/>\n\n\n\n<h4 class=\"wp-block-heading\"><strong>STRECKENPLAN<\/strong><\/h4>\n\n\n\n<figure class=\"wp-block-image size-large\"><img loading=\"lazy\" decoding=\"async\" width=\"1024\" height=\"650\" src=\"https:\/\/www.ladiesrunticino.ch\/wp-content\/uploads\/2026\/01\/2.5km-2026-1-1024x650.jpg\" alt=\"\" class=\"wp-image-4419\" srcset=\"https:\/\/www.ladiesrunticino.ch\/wp-content\/uploads\/2026\/01\/2.5km-2026-1-1024x650.jpg 1024w, https:\/\/www.ladiesrunticino.ch\/wp-content\/uploads\/2026\/01\/2.5km-2026-1-300x191.jpg 300w, https:\/\/www.ladiesrunticino.ch\/wp-content\/uploads\/2026\/01\/2.5km-2026-1-768x488.jpg 768w, https:\/\/www.ladiesrunticino.ch\/wp-content\/uploads\/2026\/01\/2.5km-2026-1-520x330.jpg 520w, https:\/\/www.ladiesrunticino.ch\/wp-content\/uploads\/2026\/01\/2.5km-2026-1-740x470.jpg 740w, https:\/\/www.ladiesrunticino.ch\/wp-content\/uploads\/2026\/01\/2.5km-2026-1.jpg 1220w\" sizes=\"(max-width: 1024px) 100vw, 1024px\" \/><\/figure>\n\n\n\n<hr class=\"wp-block-separator has-css-opacity\"\/>\n","protected":false},"excerpt":{"rendered":"<p><a class=\"read-more\" href=\"https:\/\/www.ladiesrunticino.ch\/?page_id=3070&#038;lang=de\">+ Info<\/a><\/p>\n","protected":false},"author":2,"featured_media":0,"parent":0,"menu_order":0,"comment_status":"closed","ping_status":"closed","template":"","meta":{"footnotes":""},"_links":{"self":[{"href":"https:\/\/www.ladiesrunticino.ch\/index.php?rest_route=\/wp\/v2\/pages\/3070"}],"collection":[{"href":"https:\/\/www.ladiesrunticino.ch\/index.php?rest_route=\/wp\/v2\/pages"}],"about":[{"href":"https:\/\/www.ladiesrunticino.ch\/index.php?rest_route=\/wp\/v2\/types\/page"}],"author":[{"embeddable":true,"href":"https:\/\/www.ladiesrunticino.ch\/index.php?rest_route=\/wp\/v2\/users\/2"}],"replies":[{"embeddable":true,"href":"https:\/\/www.ladiesrunticino.ch\/index.php?rest_route=%2Fwp%2Fv2%2Fcomments&post=3070"}],"version-history":[{"count":22,"href":"https:\/\/www.ladiesrunticino.ch\/index.php?rest_route=\/wp\/v2\/pages\/3070\/revisions"}],"predecessor-version":[{"id":4420,"href":"https:\/\/www.ladiesrunticino.ch\/index.php?rest_route=\/wp\/v2\/pages\/3070\/revisions\/4420"}],"wp:attachment":[{"href":"https:\/\/www.ladiesrunticino.ch\/index.php?rest_route=%2Fwp%2Fv2%2Fmedia&parent=3070"}],"curies":[{"name":"wp","href":"https:\/\/api.w.org\/{rel}","templated":true}]}}