{"id":3282,"date":"2023-04-24T13:53:23","date_gmt":"2023-04-24T13:53:23","guid":{"rendered":"https:\/\/www.ladiesrunticino.ch\/?page_id=3282"},"modified":"2025-12-04T08:42:57","modified_gmt":"2025-12-04T08:42:57","slug":"die-rosa-b%c2%a8uhne","status":"publish","type":"page","link":"https:\/\/www.ladiesrunticino.ch\/?page_id=3282&lang=de","title":{"rendered":"Die B\u00fchne"},"content":{"rendered":"\n<p><strong><em>Bald mehr Details zur Ausgabe 2026<\/em><\/strong><\/p>\n\n\n\n<p>Auf der B\u00fchne, die sich im Village befindet, wird allen Teilnehmerinnen ein reichhaltiges Unterhaltungsprogramm angeboten.<\/p>\n\n\n\n<hr class=\"wp-block-separator has-alpha-channel-opacity\"\/>\n\n\n\n<h4 class=\"wp-block-heading\"><strong>DETAILS ZUR UNTERHALTUNG<\/strong><\/h4>\n\n\n\n<p><strong>Camilla di Pinkenergy: Muskelaufw\u00e4rmen und Muskelentspannung<\/strong><\/p>\n\n\n\n<p>Vor dem Start muskul\u00e4res Aufw\u00e4rmen f\u00fcr alle Teilnehmer und an der Ziellinie muskul\u00e4re Entspannung mit Camilla von Pinkenergy.<\/p>\n\n\n<div class=\"wp-block-image\">\n<figure class=\"aligncenter\"><img loading=\"lazy\" decoding=\"async\" width=\"300\" height=\"200\" src=\"https:\/\/www.ladiesrunticino.ch\/wp-content\/uploads\/2019\/07\/CW_0255-300x200.jpg\" alt=\"\" class=\"wp-image-1560\" srcset=\"https:\/\/www.ladiesrunticino.ch\/wp-content\/uploads\/2019\/07\/CW_0255-300x200.jpg 300w, https:\/\/www.ladiesrunticino.ch\/wp-content\/uploads\/2019\/07\/CW_0255-768x512.jpg 768w, https:\/\/www.ladiesrunticino.ch\/wp-content\/uploads\/2019\/07\/CW_0255-1024x683.jpg 1024w, https:\/\/www.ladiesrunticino.ch\/wp-content\/uploads\/2019\/07\/CW_0255-390x260.jpg 390w, https:\/\/www.ladiesrunticino.ch\/wp-content\/uploads\/2019\/07\/CW_0255-520x347.jpg 520w, https:\/\/www.ladiesrunticino.ch\/wp-content\/uploads\/2019\/07\/CW_0255-740x493.jpg 740w\" sizes=\"(max-width: 300px) 100vw, 300px\" \/><\/figure><\/div>\n\n\n<hr class=\"wp-block-separator has-alpha-channel-opacity\"\/>\n\n\n\n<p><strong>B\u00fchnenprogramm der Ausgabe 2025<\/strong><\/p>\n\n\n\n<ul>\n<li>um 16.40: Muskelaufw\u00e4rmen 10 km mit Camilla von Pinkenergy<\/li>\n\n\n\n<li>um 17.50-18.00: Muskelentspannung 10 km mit Camilla von Pinkenergy<\/li>\n\n\n\n<li>um 18.00: Preisverleihung 10 km<\/li>\n\n\n\n<li>um 18.10: Muskelaufw\u00e4rmen 2.5 km und 5 km mit Camilla von Pinkenergy<\/li>\n\n\n\n<li>um 19.15: Muskelentspannung 2.5 km und 5 km mit Camilla von Pinkenergy<\/li>\n\n\n\n<li>um 19.30: Preisverleihung 2.5 km, 5 km, Team, Family Run<\/li>\n<\/ul>\n","protected":false},"excerpt":{"rendered":"<p><a class=\"read-more\" href=\"https:\/\/www.ladiesrunticino.ch\/?page_id=3282&#038;lang=de\">+ Info<\/a><\/p>\n","protected":false},"author":2,"featured_media":0,"parent":0,"menu_order":0,"comment_status":"closed","ping_status":"closed","template":"","meta":{"footnotes":""},"_links":{"self":[{"href":"https:\/\/www.ladiesrunticino.ch\/index.php?rest_route=\/wp\/v2\/pages\/3282"}],"collection":[{"href":"https:\/\/www.ladiesrunticino.ch\/index.php?rest_route=\/wp\/v2\/pages"}],"about":[{"href":"https:\/\/www.ladiesrunticino.ch\/index.php?rest_route=\/wp\/v2\/types\/page"}],"author":[{"embeddable":true,"href":"https:\/\/www.ladiesrunticino.ch\/index.php?rest_route=\/wp\/v2\/users\/2"}],"replies":[{"embeddable":true,"href":"https:\/\/www.ladiesrunticino.ch\/index.php?rest_route=%2Fwp%2Fv2%2Fcomments&post=3282"}],"version-history":[{"count":14,"href":"https:\/\/www.ladiesrunticino.ch\/index.php?rest_route=\/wp\/v2\/pages\/3282\/revisions"}],"predecessor-version":[{"id":4408,"href":"https:\/\/www.ladiesrunticino.ch\/index.php?rest_route=\/wp\/v2\/pages\/3282\/revisions\/4408"}],"wp:attachment":[{"href":"https:\/\/www.ladiesrunticino.ch\/index.php?rest_route=%2Fwp%2Fv2%2Fmedia&parent=3282"}],"curies":[{"name":"wp","href":"https:\/\/api.w.org\/{rel}","templated":true}]}}