{"id":422,"date":"2017-11-17T07:48:37","date_gmt":"2017-11-17T07:48:37","guid":{"rendered":"http:\/\/www2.walkinglugano.ch\/?page_id=422"},"modified":"2025-02-12T13:03:36","modified_gmt":"2025-02-12T13:03:36","slug":"infos","status":"publish","type":"page","link":"https:\/\/www.ladiesrunticino.ch\/?page_id=422&lang=de","title":{"rendered":"INFOS"},"content":{"rendered":"<p><strong>Ladies Run Ticino ist der einzige Running Event des Tessins, der ausschliesslich den Frauen gewidmet ist. Nicht verpassen!<\/strong><\/p>\n<p>Die erste Austragung fand im Jahr 2014 gleichzeitig mit dem Walking Ascona \u2013 Locarno in Locarno statt. Angesichts des Erfolgs, den der Event verzeichnen konnte, wurde er auch in den darauf folgenden Jahren wieder angeboten, mit einer steigenden Anzahl der Teilnehmerinnen. Im Jahr 2018 entschieden sich die Organisatoren f\u00fcr eine gro\u00dfe Ver\u00e4nderung, indem sie den Event nach Lugano verlegten.<\/p>\n<p>Die Veranstaltung bietet 3 Strecken \u00fcber <strong>2.5 km,<\/strong> <strong>5 km und 10 km<\/strong> an sowie ein Village mit\u00a0Unterhaltung.<\/p>\n<p><strong>Neu im 2025<\/strong>: die Strecke <strong>Family<\/strong> \u00fcber 2.5 km (offen f\u00fcr die ganze Familie, auch S\u00f6hne \/ Ehem\u00e4nner \/ PartnerIn) und das <strong>Sunset Walking<\/strong> (ein entspanntes Walking bei Sonnenuntergang ohne Leistungsdruck).<br \/>\nZudem gibt es auf der 5 km Strecke einen Preis f\u00fcr das schnellste <strong>Team<\/strong>.<\/p>\n","protected":false},"excerpt":{"rendered":"<p><a class=\"read-more\" href=\"https:\/\/www.ladiesrunticino.ch\/?page_id=422&#038;lang=de\">+ Info<\/a><\/p>\n","protected":false},"author":2,"featured_media":0,"parent":0,"menu_order":0,"comment_status":"closed","ping_status":"closed","template":"","meta":{"footnotes":""},"_links":{"self":[{"href":"https:\/\/www.ladiesrunticino.ch\/index.php?rest_route=\/wp\/v2\/pages\/422"}],"collection":[{"href":"https:\/\/www.ladiesrunticino.ch\/index.php?rest_route=\/wp\/v2\/pages"}],"about":[{"href":"https:\/\/www.ladiesrunticino.ch\/index.php?rest_route=\/wp\/v2\/types\/page"}],"author":[{"embeddable":true,"href":"https:\/\/www.ladiesrunticino.ch\/index.php?rest_route=\/wp\/v2\/users\/2"}],"replies":[{"embeddable":true,"href":"https:\/\/www.ladiesrunticino.ch\/index.php?rest_route=%2Fwp%2Fv2%2Fcomments&post=422"}],"version-history":[{"count":13,"href":"https:\/\/www.ladiesrunticino.ch\/index.php?rest_route=\/wp\/v2\/pages\/422\/revisions"}],"predecessor-version":[{"id":4084,"href":"https:\/\/www.ladiesrunticino.ch\/index.php?rest_route=\/wp\/v2\/pages\/422\/revisions\/4084"}],"wp:attachment":[{"href":"https:\/\/www.ladiesrunticino.ch\/index.php?rest_route=%2Fwp%2Fv2%2Fmedia&parent=422"}],"curies":[{"name":"wp","href":"https:\/\/api.w.org\/{rel}","templated":true}]}}