{"id":508,"date":"2017-11-17T08:58:07","date_gmt":"2017-11-17T08:58:07","guid":{"rendered":"http:\/\/www2.walkinglugano.ch\/?page_id=508"},"modified":"2025-10-27T15:21:34","modified_gmt":"2025-10-27T15:21:34","slug":"bre-city-trail-2","status":"publish","type":"page","link":"https:\/\/www.ladiesrunticino.ch\/?page_id=508&lang=de","title":{"rendered":"EVENT DORF"},"content":{"rendered":"\n<p><\/p>\n\n\n<p><strong>Bald alle Details zur n\u00e4chste Ausgabe!<br \/><\/strong><strong>&gt;&gt; wollt ihr als Partner mit einem Stand dabei sein? Kontaktiert uns unter info@ladiesrunticino.ch<\/strong><\/p>\n<hr class=\"wp-block-separator has-alpha-channel-opacity\" \/>\n<p>\u00a0<\/p>\n<p>Ladies Run ist nicht nur running!<\/p>\n<p>Im Village des Events k\u00f6nnen die Teilnehmerinnen an zahlreichen Aktivit\u00e4ten teilnehmen und von kostenlosen Dienstleistungen profitieren, die auf sie zugeschnitten sind.<\/p>\n<p><em><strong><br \/>Angebote im Village der Ausgabe 2025:<\/strong><\/em><\/p>\n<ul>\n<li>Relaxzone mit Massagen<\/li>\n<li>Food-Zone<\/li>\n<li>Ausstellerst\u00e4nde<\/li>\n<li>Animation<\/li>\n<li>Muskelaufw\u00e4rmung vor jedem Start<\/li>\n<li>Muskelentspannung am Ziel<\/li>\n<li>Gadgets<\/li>\n<li>und vieles mehr!<\/li>\n<\/ul>\n<hr \/>\n<h4><strong>PROGRAMM AUF DER ROSA B\u00dcHNE<\/strong><\/h4>\n<p>Auf der B\u00fchne des Village wird den Teilnehmerinnen ein reichhaltiges Animationsprogramm mit Muskelaufw\u00e4rmen, Lektionen und vielem mehr geboten!<\/p>\n<ul>\n<li><a href=\"https:\/\/www.ladiesrunticino.ch\/?page_id=3282&amp;lang=de\"><strong>mehr dazu<\/strong><\/a><\/li>\n<\/ul>\n<hr \/>\n<h4><strong>IN DER ROSA ZONE 2025<\/strong><\/h4>\n<p><strong>H\u00f6here medizinisch-technische Fachschule Lugano: Muskelentspannung<br \/><\/strong><\/p>\n<p>Massagestudenten stehen interessierten Teilnehmerinnen f\u00fcr Massagen vor und nach dem Wettbewerb zur Verf\u00fcgung.<\/p>\n<p><img loading=\"lazy\" decoding=\"async\" class=\"wp-image-1169 size-medium aligncenter\" src=\"https:\/\/www.ladiesrunticino.ch\/wp-content\/uploads\/2017\/10\/Retro_foto3-300x200.jpg\" sizes=\"(max-width: 300px) 100vw, 300px\" srcset=\"https:\/\/www.ladiesrunticino.ch\/wp-content\/uploads\/2017\/10\/Retro_foto3-300x200.jpg 300w, https:\/\/www.ladiesrunticino.ch\/wp-content\/uploads\/2017\/10\/Retro_foto3-768x512.jpg 768w, https:\/\/www.ladiesrunticino.ch\/wp-content\/uploads\/2017\/10\/Retro_foto3-1024x683.jpg 1024w, https:\/\/www.ladiesrunticino.ch\/wp-content\/uploads\/2017\/10\/Retro_foto3-390x260.jpg 390w, https:\/\/www.ladiesrunticino.ch\/wp-content\/uploads\/2017\/10\/Retro_foto3-520x347.jpg 520w, https:\/\/www.ladiesrunticino.ch\/wp-content\/uploads\/2017\/10\/Retro_foto3-740x493.jpg 740w\" alt=\"\" width=\"300\" height=\"200\" \/><\/p>\n<hr \/>\n<p><strong>Camilla von Pinkenergy: Muskelausfw\u00e4rmen und Muskelentspannung<\/strong><\/p>\n<p>Vor dem Start muskul\u00e4res Aufw\u00e4rmen f\u00fcr alle Teilnehmerinnen und nach dem Lauf entspannen der Muskeln mit Camilla von Pinkenergy.<\/p>\n<figure class=\"wp-block-image\"><img loading=\"lazy\" decoding=\"async\" class=\"wp-image-1560 aligncenter\" src=\"https:\/\/www.ladiesrunticino.ch\/wp-content\/uploads\/2019\/07\/CW_0255-300x200.jpg\" sizes=\"(max-width: 300px) 100vw, 300px\" srcset=\"https:\/\/www.ladiesrunticino.ch\/wp-content\/uploads\/2019\/07\/CW_0255-300x200.jpg 300w, https:\/\/www.ladiesrunticino.ch\/wp-content\/uploads\/2019\/07\/CW_0255-768x512.jpg 768w, https:\/\/www.ladiesrunticino.ch\/wp-content\/uploads\/2019\/07\/CW_0255-1024x683.jpg 1024w, https:\/\/www.ladiesrunticino.ch\/wp-content\/uploads\/2019\/07\/CW_0255-390x260.jpg 390w, https:\/\/www.ladiesrunticino.ch\/wp-content\/uploads\/2019\/07\/CW_0255-520x347.jpg 520w, https:\/\/www.ladiesrunticino.ch\/wp-content\/uploads\/2019\/07\/CW_0255-740x493.jpg 740w\" alt=\"\" width=\"300\" height=\"200\" \/><hr \/><strong>Food-Zone<\/strong><\/figure>\n<figure class=\"wp-block-image\">Ein Foodtruck und Verpflegungsstand erwarten die hungrigen L\u00e4uferinnen und Besucher im Village<em>.<\/em><\/figure>\n<hr \/>\n<p><strong>Veranstaltungsvillage<\/strong><\/p>\n<p>Sponsoren und Aussteller verw\u00f6hnen L\u00e4uferinnen und Besucher mit Unterhaltung, Wettbewerben und Beratung.<\/p>\n<ul>\n<li><a href=\"https:\/\/www.ladiesrunticino.ch\/?page_id=514&amp;lang=de\"><strong>mehr dazu<\/strong><\/a><\/li>\n<\/ul>","protected":false},"excerpt":{"rendered":"<p><a class=\"read-more\" href=\"https:\/\/www.ladiesrunticino.ch\/?page_id=508&#038;lang=de\">+ Info<\/a><\/p>\n","protected":false},"author":2,"featured_media":0,"parent":0,"menu_order":0,"comment_status":"closed","ping_status":"closed","template":"","meta":{"footnotes":""},"_links":{"self":[{"href":"https:\/\/www.ladiesrunticino.ch\/index.php?rest_route=\/wp\/v2\/pages\/508"}],"collection":[{"href":"https:\/\/www.ladiesrunticino.ch\/index.php?rest_route=\/wp\/v2\/pages"}],"about":[{"href":"https:\/\/www.ladiesrunticino.ch\/index.php?rest_route=\/wp\/v2\/types\/page"}],"author":[{"embeddable":true,"href":"https:\/\/www.ladiesrunticino.ch\/index.php?rest_route=\/wp\/v2\/users\/2"}],"replies":[{"embeddable":true,"href":"https:\/\/www.ladiesrunticino.ch\/index.php?rest_route=%2Fwp%2Fv2%2Fcomments&post=508"}],"version-history":[{"count":60,"href":"https:\/\/www.ladiesrunticino.ch\/index.php?rest_route=\/wp\/v2\/pages\/508\/revisions"}],"predecessor-version":[{"id":4355,"href":"https:\/\/www.ladiesrunticino.ch\/index.php?rest_route=\/wp\/v2\/pages\/508\/revisions\/4355"}],"wp:attachment":[{"href":"https:\/\/www.ladiesrunticino.ch\/index.php?rest_route=%2Fwp%2Fv2%2Fmedia&parent=508"}],"curies":[{"name":"wp","href":"https:\/\/api.w.org\/{rel}","templated":true}]}}