{"id":514,"date":"2017-11-17T09:03:30","date_gmt":"2017-11-17T09:03:30","guid":{"rendered":"http:\/\/www2.walkinglugano.ch\/?page_id=514"},"modified":"2025-02-11T15:12:05","modified_gmt":"2025-02-11T15:12:05","slug":"village-und-animation","status":"publish","type":"page","link":"https:\/\/www.ladiesrunticino.ch\/?page_id=514&lang=de","title":{"rendered":"Village und Unterhaltung"},"content":{"rendered":"<p>Auf der\u00a0Piazza Riforma\/Manzoni wird das Village mit zahlreichen Ausstellungsst\u00e4nden und\u00a0Animationiszonen errichtet.<\/p>\n<p><b><br \/>\nVillage<br \/>\n<\/b><\/p>\n<p>Im Village auf der Piazza Manzoni gibt es einen Wohlf\u00fchlbereich, wo sich alle Angemeldeten kostenlos verw\u00f6hnen und beraten lassen k\u00f6nnen.<\/p>\n<ul>\n<li><strong><a href=\"http:\/\/www.ladiesrunticino.ch\/?page_id=508&amp;lang=de\">mehr dazu<\/a><\/strong><\/li>\n<\/ul>\n<p><img loading=\"lazy\" decoding=\"async\" class=\"size-medium wp-image-3176 aligncenter\" src=\"https:\/\/www.ladiesrunticino.ch\/wp-content\/uploads\/2023\/03\/zona-rosa2023-300x213.jpg\" alt=\"\" width=\"300\" height=\"213\" srcset=\"https:\/\/www.ladiesrunticino.ch\/wp-content\/uploads\/2023\/03\/zona-rosa2023-300x213.jpg 300w, https:\/\/www.ladiesrunticino.ch\/wp-content\/uploads\/2023\/03\/zona-rosa2023-768x545.jpg 768w, https:\/\/www.ladiesrunticino.ch\/wp-content\/uploads\/2023\/03\/zona-rosa2023-1024x726.jpg 1024w, https:\/\/www.ladiesrunticino.ch\/wp-content\/uploads\/2023\/03\/zona-rosa2023-520x369.jpg 520w, https:\/\/www.ladiesrunticino.ch\/wp-content\/uploads\/2023\/03\/zona-rosa2023-740x525.jpg 740w, https:\/\/www.ladiesrunticino.ch\/wp-content\/uploads\/2023\/03\/zona-rosa2023.jpg 1748w\" sizes=\"(max-width: 300px) 100vw, 300px\" \/><\/p>\n<hr \/>\n<p><strong>Aussteller<\/strong><\/p>\n<p>Im Village offerieren zahlreiche Aussteller Beratungen, Unterhaltung, Wettbewerbe und kleine Gadgets.<\/p>\n<hr \/>\n<p><strong>Verpflegung<\/strong><\/p>\n<p>Es gibt einen Food-Bereich mit verschiedenen K\u00f6stlichkeiten.<\/p>\n<hr \/>\n<p><strong>Kids<\/strong><\/p>\n<p>F\u00fcr die Kleinsten gibt es einen H\u00fcpfburgbereich (gegen Aufpreis).<\/p>\n<hr \/>\n<p><strong>Muskeln aufw\u00e4rmen vor und entspannen nach dem Run<\/strong><\/p>\n<p>Vor dem Start ist ein Aufw\u00e4rmen der Muskeln und am Ziel ein Muskelentspannen vorgesehen. Alle Teilnehmerinnen sind herzlich dazu eingeladen.<\/p>\n<p><img loading=\"lazy\" decoding=\"async\" class=\"aligncenter wp-image-1560 size-medium\" src=\"https:\/\/www.ladiesrunticino.ch\/wp-content\/uploads\/2019\/07\/CW_0255-300x200.jpg\" sizes=\"(max-width: 300px) 100vw, 300px\" srcset=\"https:\/\/www.ladiesrunticino.ch\/wp-content\/uploads\/2019\/07\/CW_0255-300x200.jpg 300w, https:\/\/www.ladiesrunticino.ch\/wp-content\/uploads\/2019\/07\/CW_0255-768x512.jpg 768w, https:\/\/www.ladiesrunticino.ch\/wp-content\/uploads\/2019\/07\/CW_0255-1024x683.jpg 1024w, https:\/\/www.ladiesrunticino.ch\/wp-content\/uploads\/2019\/07\/CW_0255-390x260.jpg 390w, https:\/\/www.ladiesrunticino.ch\/wp-content\/uploads\/2019\/07\/CW_0255-520x347.jpg 520w, https:\/\/www.ladiesrunticino.ch\/wp-content\/uploads\/2019\/07\/CW_0255-740x493.jpg 740w\" alt=\"\" width=\"300\" height=\"200\" \/><\/p>\n","protected":false},"excerpt":{"rendered":"<p><a class=\"read-more\" href=\"https:\/\/www.ladiesrunticino.ch\/?page_id=514&#038;lang=de\">+ Info<\/a><\/p>\n","protected":false},"author":2,"featured_media":0,"parent":512,"menu_order":0,"comment_status":"closed","ping_status":"closed","template":"","meta":{"footnotes":""},"_links":{"self":[{"href":"https:\/\/www.ladiesrunticino.ch\/index.php?rest_route=\/wp\/v2\/pages\/514"}],"collection":[{"href":"https:\/\/www.ladiesrunticino.ch\/index.php?rest_route=\/wp\/v2\/pages"}],"about":[{"href":"https:\/\/www.ladiesrunticino.ch\/index.php?rest_route=\/wp\/v2\/types\/page"}],"author":[{"embeddable":true,"href":"https:\/\/www.ladiesrunticino.ch\/index.php?rest_route=\/wp\/v2\/users\/2"}],"replies":[{"embeddable":true,"href":"https:\/\/www.ladiesrunticino.ch\/index.php?rest_route=%2Fwp%2Fv2%2Fcomments&post=514"}],"version-history":[{"count":17,"href":"https:\/\/www.ladiesrunticino.ch\/index.php?rest_route=\/wp\/v2\/pages\/514\/revisions"}],"predecessor-version":[{"id":4070,"href":"https:\/\/www.ladiesrunticino.ch\/index.php?rest_route=\/wp\/v2\/pages\/514\/revisions\/4070"}],"up":[{"embeddable":true,"href":"https:\/\/www.ladiesrunticino.ch\/index.php?rest_route=\/wp\/v2\/pages\/512"}],"wp:attachment":[{"href":"https:\/\/www.ladiesrunticino.ch\/index.php?rest_route=%2Fwp%2Fv2%2Fmedia&parent=514"}],"curies":[{"name":"wp","href":"https:\/\/api.w.org\/{rel}","templated":true}]}}